{"id":538,"date":"2026-01-23T13:24:53","date_gmt":"2026-01-23T06:24:53","guid":{"rendered":"https:\/\/balimagicwoodworks.com\/?post_type=product&#038;p=538"},"modified":"2026-01-23T13:24:53","modified_gmt":"2026-01-23T06:24:53","slug":"spirit-haunted-balloon","status":"publish","type":"product","link":"https:\/\/balimagicwoodworks.com\/?product=spirit-haunted-balloon","title":{"rendered":"Spirit Haunted Balloon"},"content":{"rendered":"<p>Organic magic!! This is the Haunted Balloon for those wishing to add something different to their acts.<\/p>\n<p>No threads, wires, fans or anything else you can think of. What a creative genius idea! Rarely does an effect excite us these days like the way this one does. Freely wave your hands over the top of the floating balloon to disprove any connections whatsoever if you wish, yet the balloon still rises and lowers under your control. Haunted Balloon can be performed anywhere, totally your complete control under your hand.<\/p>\n<p>Perform outdoors or indoors.<\/p>\n<p>Use it to accompany any routine you may already perform or create an entirely new idea. Connect with your audience like never before!<\/p>\n<p>You can even attach balloon to a plastic balloon stick at end of performance and give it away to someone in the audience if you wish.<\/p>\n<p>Ready to perfom supply your own helium balloon.<br \/>\nThis is the HANDHELD version of PK BALLOON!!<\/p>\n<p>See the video:<br \/>\n<iframe loading=\"lazy\" title=\"HAUNTED BALLOON\" width=\"563\" height=\"1000\" src=\"https:\/\/www.youtube.com\/embed\/P41be0E_kUU?feature=oembed\" frameborder=\"0\" allow=\"accelerometer; autoplay; clipboard-write; encrypted-media; gyroscope; picture-in-picture; web-share\" referrerpolicy=\"strict-origin-when-cross-origin\" allowfullscreen><\/iframe><\/p>\n<p><iframe loading=\"lazy\" title=\"22\/10\/16 - Th\u00e9\u00e2tre de l&#039;Od\u00e9on, Marseille - Alain De Moyencourt - Partie 2\" width=\"1220\" height=\"915\" src=\"https:\/\/www.youtube.com\/embed\/VOnl0YJTdDw?feature=oembed\" frameborder=\"0\" allow=\"accelerometer; autoplay; clipboard-write; encrypted-media; gyroscope; picture-in-picture; web-share\" referrerpolicy=\"strict-origin-when-cross-origin\" allowfullscreen><\/iframe><\/p>\n<p><iframe loading=\"lazy\" title=\"HAUNTED BALLOON\" width=\"563\" height=\"1000\" src=\"https:\/\/www.youtube.com\/embed\/-D5NIuzU3lE?feature=oembed\" frameborder=\"0\" allow=\"accelerometer; autoplay; clipboard-write; encrypted-media; gyroscope; picture-in-picture; web-share\" referrerpolicy=\"strict-origin-when-cross-origin\" allowfullscreen><\/iframe><\/p>\n","protected":false},"excerpt":{"rendered":"<p>Organic magic!! This is the Haunted Balloon for those wishing to add something different to their acts. No threads, wires, fans or anything else you can<span class=\"excerpt-hellip\"> [\u2026]<\/span><\/p>\n","protected":false},"featured_media":540,"comment_status":"open","ping_status":"closed","template":"","meta":[],"product_brand":[],"product_cat":[15,35],"product_tag":[],"class_list":{"0":"post-538","1":"product","2":"type-product","3":"status-publish","4":"has-post-thumbnail","6":"product_cat-whats-new","7":"product_cat-haunted-effects","9":"first","10":"instock","11":"shipping-taxable","12":"purchasable","13":"product-type-simple"},"_links":{"self":[{"href":"https:\/\/balimagicwoodworks.com\/index.php?rest_route=\/wp\/v2\/product\/538","targetHints":{"allow":["GET"]}}],"collection":[{"href":"https:\/\/balimagicwoodworks.com\/index.php?rest_route=\/wp\/v2\/product"}],"about":[{"href":"https:\/\/balimagicwoodworks.com\/index.php?rest_route=\/wp\/v2\/types\/product"}],"replies":[{"embeddable":true,"href":"https:\/\/balimagicwoodworks.com\/index.php?rest_route=%2Fwp%2Fv2%2Fcomments&post=538"}],"wp:featuredmedia":[{"embeddable":true,"href":"https:\/\/balimagicwoodworks.com\/index.php?rest_route=\/wp\/v2\/media\/540"}],"wp:attachment":[{"href":"https:\/\/balimagicwoodworks.com\/index.php?rest_route=%2Fwp%2Fv2%2Fmedia&parent=538"}],"wp:term":[{"taxonomy":"product_brand","embeddable":true,"href":"https:\/\/balimagicwoodworks.com\/index.php?rest_route=%2Fwp%2Fv2%2Fproduct_brand&post=538"},{"taxonomy":"product_cat","embeddable":true,"href":"https:\/\/balimagicwoodworks.com\/index.php?rest_route=%2Fwp%2Fv2%2Fproduct_cat&post=538"},{"taxonomy":"product_tag","embeddable":true,"href":"https:\/\/balimagicwoodworks.com\/index.php?rest_route=%2Fwp%2Fv2%2Fproduct_tag&post=538"}],"curies":[{"name":"wp","href":"https:\/\/api.w.org\/{rel}","templated":true}]}}